{"id":37,"date":"2007-11-04T09:59:20","date_gmt":"2007-11-04T08:59:20","guid":{"rendered":"http:\/\/www.zephram.de\/blog\/profil-von-graham\/"},"modified":"2024-09-08T13:28:54","modified_gmt":"2024-09-08T11:28:54","slug":"profil-von-graham","status":"publish","type":"page","link":"https:\/\/www.zephram.de\/blog\/profil-von-graham\/","title":{"rendered":"Graham Horton \ud83c\udde9\ud83c\uddea"},"content":{"rendered":"\n<figure class=\"wp-block-image aligncenter size-full is-resized\"><a href=\"https:\/\/www.zephram.de\/blog\/wp-content\/uploads\/2024\/05\/blog-graham-foto.png\"><img loading=\"lazy\" decoding=\"async\" width=\"400\" height=\"274\" src=\"https:\/\/www.zephram.de\/blog\/wp-content\/uploads\/2024\/05\/blog-graham-foto.png\" alt=\"graham horton\" class=\"wp-image-13809\" style=\"width:576px;height:auto\" srcset=\"https:\/\/www.zephram.de\/blog\/wp-content\/uploads\/2024\/05\/blog-graham-foto.png 400w, https:\/\/www.zephram.de\/blog\/wp-content\/uploads\/2024\/05\/blog-graham-foto-300x206.png 300w\" sizes=\"(max-width: 400px) 100vw, 400px\" \/><\/a><\/figure>\n\n\n\n<div itemscope itemtype=\"http:\/\/schema.org\/Person\" class=\"hidden-schema\" style=\"display: none;\">\n    <span itemprop=\"name\">Graham Horton<\/span>\n    <span itemprop=\"jobTitle\">Professor und Innovationsexperte<\/span>\n    <a itemprop=\"url\" href=\"https:\/\/www.zephram.de\/blog\/profil-von-graham\/\">Personal Website<\/a>\n    <img decoding=\"async\" itemprop=\"image\" src=\"https:\/\/www.zephram.de\/blog\/wp-content\/uploads\/2024\/05\/blog-graham-foto.png\" alt=\"Graham Horton's Profile Picture\">\n    <span itemprop=\"description\">Graham Horton ist Professor f\u00fcr Informatik an der Universit\u00e4t Magdeburg und Mitgr\u00fcnder der Zephram GbR.<\/span>\n    <span itemprop=\"sameAs\">\n      <a href=\"https:\/\/www.linkedin.com\/in\/graham-horton-a504196\/\" target=\"_blank\" rel=\"noopener\">LinkedIn<\/a>\n    <\/span>\n    <span itemprop=\"sameAs\">\n      <a href=\"https:\/\/scholar.google.com\/citations?user=m_vBaEkAAAAJ\" target=\"_blank\" rel=\"noopener\">Google Scholar<\/a>\n    <\/span>\n    <span itemprop=\"sameAs\">\n      <a href=\"https:\/\/de.wikipedia.org\/wiki\/Graham_Horton\" target=\"_blank\" rel=\"noopener\">Wikipedia<\/a>\n    <\/span>\n<\/div>\n\n\n\n<p class=\"has-text-align-justify\">Ich bin 1962 in England geboren und kam 1983 als Stipendiat des DAAD nach Deutschland. Ich habe an der Universit\u00e4t Erlangen-N\u00fcrnberg Informatik studiert, promoviert und mich habilitiert. Seit 2001 bin ich Professor an der Fakult\u00e4t f\u00fcr Informatik der Universit\u00e4t Magdeburg. 2006 habe ich die Zephram GbR mitgegr\u00fcndet.<\/p>\n\n\n\n<p class=\"has-text-align-justify\">Ich interessiere mich f\u00fcr wissenschaftlich fundierte Methoden zur Produktion und Bewertung von Ideen. Diesen Ansatz habe ich <em>Idea Engineering<\/em> genannt. Ziel der Idea Engineering-Forschung ist, die Produktion und Bewertung von Ideen zuverl\u00e4ssig und effizient zu machen. Seit 2006 unterrichte ich auch Ideenfindung und Ideenbewertung an meiner Universit\u00e4t.<\/p>\n\n\n\n<p class=\"has-text-align-justify\">Bei Zephram bin ich verantwortlich f\u00fcr die Weiterentwicklung des Idea Engineering und die Innovationsmanagement-Themen. Bei Kundenprojekten schreibe ich die Drehb\u00fccher f\u00fcr die Ideenfabriken. Hin und wieder \u00fcbernehme ich auch Briefing-Gespr\u00e4che und die Moderation der Ideenfabrik.<\/p>\n\n\n\n<p class=\"has-text-align-justify\">F\u00fcr mich bedeutet Zephram die Gelegenheit, Organisationen zu helfen, sich durch Innovationen f\u00fcr die Zukunft zu st\u00e4rken und neu zu erfinden. Die sch\u00f6nsten Erfolgserlebnisse kommen f\u00fcr mich am Ende einer Ideenfabrik, wo der Kunde \u00fcber die vielen neuen Ideen staunt, die er mit unserer Hilfe gerade produziert hat, und sich sichtbar \u00fcber das Potential freut, das sie f\u00fcr ihn bedeuten.<\/p>\n\n\n\n<p class=\"has-text-align-justify\">In diesem Blog schreibe ich vorwiegend \u00fcber Idea Engineering und Innovation. Ich kommentiere auch interessante B\u00fccher und Presseartikel zu diesen Themen. Meine Ziele dabei sind, dem Leser n\u00fctzliche Information zukommen zu lassen und Zephrams Sicht dieser Fragen zu pr\u00e4sentieren. Ich bin auch Autor des <a href=\"https:\/\/www.amazon.com\/dp\/B07JMK31T6\" class=\"ek-link\">Product Market Fit Handbuchs<\/a> f\u00fcr Startup-Gr\u00fcnder.<\/p>\n\n\n\n<div itemscope itemtype=\"http:\/\/schema.org\/Book\" style=\"display: none;\">\n    <span itemprop=\"name\">Das Product-Market Fit Handbuch<\/span>\n    <div itemscope itemtype=\"http:\/\/schema.org\/Person\" itemprop=\"author\">\n      <span itemprop=\"name\">Graham Horton<\/span>\n      <a itemprop=\"url\" href=\"https:\/\/www.zephram.de\/blog\/profil-von-graham\/\">Author Webpage<\/a>\n    <\/div>\n    <span itemprop=\"datePublished\">2018-10-21<\/span>\n    <div itemscope itemtype=\"http:\/\/schema.org\/Person\" itemprop=\"publisher\">\n      <span itemprop=\"name\">Graham Horton<\/span>\n      <a itemprop=\"url\" href=\"https:\/\/www.zephram.de\/blog\/profil-von-graham\/\">Publisher Webpage<\/a>\n    <\/div>\n    <span itemprop=\"description\">Ein praktisches Werkzeug f\u00fcr Gr\u00fcnder, das sie durch die Product-Market Fit-Phase begleitet und ihnen hilft, Kundenfeedback zu sammeln, zu interpretieren und zu organisieren, damit sie sich Schritt f\u00fcr Schritt dem Product-Market Fit n\u00e4hern.<\/span>\n    <a itemprop=\"url\" href=\"https:\/\/www.amazon.com\/dp\/B07JMK31T6\">Amazon Link<\/a>\n    <meta itemprop=\"bookFormat\" content=\"http:\/\/schema.org\/EBook\">\n  <\/div>\n\n\n\n<p class=\"has-text-align-justify\">Mein Lieblingszitat \u00fcber Ideen soll von Albert Einstein stammen: <em>Eine wirklich gute Idee erkennt man daran, dass ihre Verwirklichung von vorn herein ausgeschlossen erschien.<\/em> Neue Ideen stellen immer eine Herausforderung an etablierte Denkweisen dar. Aus diesem Grund sto\u00dfen Innovationen (und Innovatoren) h\u00e4ufig auf Widerstand. Manchmal ist es gerade dieser Widerstand, der beweist, dass man mit seiner Idee auf dem richtigen Weg ist.<\/p>\n\n\n\n<p><\/p>\n","protected":false},"excerpt":{"rendered":"<p>Graham Horton Professor und Innovationsexperte Personal Website Graham Horton ist Professor f\u00fcr Informatik an der Universit\u00e4t Magdeburg und Mitgr\u00fcnder der Zephram GbR. LinkedIn Google Scholar Wikipedia Ich bin 1962 in England geboren und kam 1983 als Stipendiat des DAAD nach Deutschland. Ich habe an der Universit\u00e4t Erlangen-N\u00fcrnberg Informatik studiert, promoviert und mich habilitiert. Seit 2001 [&hellip;]<\/p>\n","protected":false},"author":2,"featured_media":0,"parent":0,"menu_order":2,"comment_status":"open","ping_status":"closed","template":"","meta":{"_et_pb_use_builder":"","_et_pb_old_content":"","_et_gb_content_width":"","footnotes":""},"class_list":["post-37","page","type-page","status-publish","hentry"],"_links":{"self":[{"href":"https:\/\/www.zephram.de\/blog\/wp-json\/wp\/v2\/pages\/37","targetHints":{"allow":["GET"]}}],"collection":[{"href":"https:\/\/www.zephram.de\/blog\/wp-json\/wp\/v2\/pages"}],"about":[{"href":"https:\/\/www.zephram.de\/blog\/wp-json\/wp\/v2\/types\/page"}],"author":[{"embeddable":true,"href":"https:\/\/www.zephram.de\/blog\/wp-json\/wp\/v2\/users\/2"}],"replies":[{"embeddable":true,"href":"https:\/\/www.zephram.de\/blog\/wp-json\/wp\/v2\/comments?post=37"}],"version-history":[{"count":28,"href":"https:\/\/www.zephram.de\/blog\/wp-json\/wp\/v2\/pages\/37\/revisions"}],"predecessor-version":[{"id":15707,"href":"https:\/\/www.zephram.de\/blog\/wp-json\/wp\/v2\/pages\/37\/revisions\/15707"}],"wp:attachment":[{"href":"https:\/\/www.zephram.de\/blog\/wp-json\/wp\/v2\/media?parent=37"}],"curies":[{"name":"wp","href":"https:\/\/api.w.org\/{rel}","templated":true}]}}